{"id":127,"date":"2021-05-17T22:12:34","date_gmt":"2021-05-17T20:12:34","guid":{"rendered":"http:\/\/picard-art.com\/?page_id=127"},"modified":"2021-06-28T23:18:55","modified_gmt":"2021-06-28T21:18:55","slug":"gestion-des-cookies","status":"publish","type":"page","link":"https:\/\/picard-art.com\/index.php\/gestion-des-cookies\/","title":{"rendered":"Gestion des cookies"},"content":{"rendered":"\t\t<div data-elementor-type=\"wp-page\" data-elementor-id=\"127\" class=\"elementor elementor-127\" data-elementor-settings=\"[]\">\n\t\t\t\t\t\t\t<div class=\"elementor-section-wrap\">\n\t\t\t\t\t\t\t<section class=\"elementor-section elementor-top-section elementor-element elementor-element-cf407bc elementor-section-height-min-height elementor-section-stretched elementor-section-boxed elementor-section-height-default elementor-section-items-middle\" data-id=\"cf407bc\" data-element_type=\"section\" data-settings=\"{&quot;stretch_section&quot;:&quot;section-stretched&quot;,&quot;background_background&quot;:&quot;slideshow&quot;,&quot;background_slideshow_gallery&quot;:[{&quot;id&quot;:160,&quot;url&quot;:&quot;http:\\\/\\\/picard-art.com\\\/wp-content\\\/uploads\\\/2021\\\/06\\\/pexels-daisy-anderson-5584278-scaled.jpg&quot;}],&quot;background_slideshow_loop&quot;:&quot;yes&quot;,&quot;background_slideshow_slide_duration&quot;:5000,&quot;background_slideshow_slide_transition&quot;:&quot;fade&quot;,&quot;background_slideshow_transition_duration&quot;:500}\">\n\t\t\t\t\t\t<div class=\"elementor-container elementor-column-gap-default\">\n\t\t\t\t\t<div class=\"elementor-column elementor-col-100 elementor-top-column elementor-element elementor-element-85b1661\" data-id=\"85b1661\" data-element_type=\"column\" data-settings=\"{&quot;background_background&quot;:&quot;slideshow&quot;,&quot;background_slideshow_gallery&quot;:[],&quot;background_slideshow_loop&quot;:&quot;yes&quot;,&quot;background_slideshow_slide_duration&quot;:5000,&quot;background_slideshow_slide_transition&quot;:&quot;fade&quot;,&quot;background_slideshow_transition_duration&quot;:500}\">\n\t\t\t<div class=\"elementor-widget-wrap elementor-element-populated\">\n\t\t\t\t\t\t\t\t<div class=\"elementor-element elementor-element-414cd9f elementor-widget elementor-widget-heading\" data-id=\"414cd9f\" data-element_type=\"widget\" data-widget_type=\"heading.default\">\n\t\t\t\t<div class=\"elementor-widget-container\">\n\t\t\t<h1 class=\"elementor-heading-title elementor-size-default\"><i>Cookies<\/i><\/h1>\t\t<\/div>\n\t\t\t\t<\/div>\n\t\t\t\t<div class=\"elementor-element elementor-element-1003cd3 elementor-widget-divider--view-line elementor-widget elementor-widget-divider\" data-id=\"1003cd3\" data-element_type=\"widget\" data-widget_type=\"divider.default\">\n\t\t\t\t<div class=\"elementor-widget-container\">\n\t\t\t\t\t<div class=\"elementor-divider\">\n\t\t\t<span class=\"elementor-divider-separator\">\n\t\t\t\t\t\t<\/span>\n\t\t<\/div>\n\t\t\t\t<\/div>\n\t\t\t\t<\/div>\n\t\t\t\t<div class=\"elementor-element elementor-element-6ad7987 elementor-widget elementor-widget-heading\" data-id=\"6ad7987\" data-element_type=\"widget\" data-widget_type=\"heading.default\">\n\t\t\t\t<div class=\"elementor-widget-container\">\n\t\t\t<h2 class=\"elementor-heading-title elementor-size-default\"><i>Politique de gestion de Cookies et autres traceurs<\/i><\/h2>\t\t<\/div>\n\t\t\t\t<\/div>\n\t\t\t\t\t<\/div>\n\t\t<\/div>\n\t\t\t\t\t\t\t<\/div>\n\t\t<\/section>\n\t\t\t\t<section class=\"elementor-section elementor-top-section elementor-element elementor-element-99494d2 elementor-section-boxed elementor-section-height-default elementor-section-height-default\" data-id=\"99494d2\" data-element_type=\"section\">\n\t\t\t\t\t\t<div class=\"elementor-container elementor-column-gap-default\">\n\t\t\t\t\t<div class=\"elementor-column elementor-col-100 elementor-top-column elementor-element elementor-element-56d899b\" data-id=\"56d899b\" data-element_type=\"column\">\n\t\t\t<div class=\"elementor-widget-wrap elementor-element-populated\">\n\t\t\t\t\t\t\t\t<div class=\"elementor-element elementor-element-3a801d7 elementor-widget elementor-widget-spacer\" data-id=\"3a801d7\" data-element_type=\"widget\" data-widget_type=\"spacer.default\">\n\t\t\t\t<div class=\"elementor-widget-container\">\n\t\t\t\t\t<div class=\"elementor-spacer\">\n\t\t\t<div class=\"elementor-spacer-inner\"><\/div>\n\t\t<\/div>\n\t\t\t\t<\/div>\n\t\t\t\t<\/div>\n\t\t\t\t<div class=\"elementor-element elementor-element-efd5a57 elementor-widget elementor-widget-heading\" data-id=\"efd5a57\" data-element_type=\"widget\" data-widget_type=\"heading.default\">\n\t\t\t\t<div class=\"elementor-widget-container\">\n\t\t\t<h3 class=\"elementor-heading-title elementor-size-default\">INTRODUCTION<\/h3>\t\t<\/div>\n\t\t\t\t<\/div>\n\t\t\t\t<div class=\"elementor-element elementor-element-13a655b elementor-widget elementor-widget-text-editor\" data-id=\"13a655b\" data-element_type=\"widget\" data-widget_type=\"text-editor.default\">\n\t\t\t\t<div class=\"elementor-widget-container\">\n\t\t\t\t\t\t\t<p>Cette politique de gestion des Cookies et autres traceurs explique quels cookies sont utilis\u00e9s et comment, les informations que nous collectons en utilisant les cookies, comment ces informations sont utilis\u00e9es et comment vous pouvez contr\u00f4ler vos pr\u00e9f\u00e9rences. Pour en savoir plus sur qui nous sommes, comment nous contacter et comment nous g\u00e9rons et stockons vos donn\u00e9es personnelles, consultez notre <a href=\"http:\/\/picard-art.com\/index.php\/politique-de-confidentialite\/\">Politique de Confidentialit\u00e9<\/a>.<\/p><p>Vous pouvez \u00e0 tout moment changer d&rsquo;avis quant \u00e0 vos pr\u00e9f\u00e9rences de gestion des Cookies. Vos consentements ne s&rsquo;appliquent que sur le nom de domaine suivant : <a style=\"background-color: #ffffff;\" href=\"http:\/\/picard-art.com\">picard-art.com<\/a>.<\/p>\t\t\t\t\t\t<\/div>\n\t\t\t\t<\/div>\n\t\t\t\t<div class=\"elementor-element elementor-element-870cc1e elementor-widget elementor-widget-heading\" data-id=\"870cc1e\" data-element_type=\"widget\" data-widget_type=\"heading.default\">\n\t\t\t\t<div class=\"elementor-widget-container\">\n\t\t\t<h3 class=\"elementor-heading-title elementor-size-default\">QU'EST-CE QU'UN COOKIE ?<\/h3>\t\t<\/div>\n\t\t\t\t<\/div>\n\t\t\t\t<div class=\"elementor-element elementor-element-725d6ab elementor-widget elementor-widget-text-editor\" data-id=\"725d6ab\" data-element_type=\"widget\" data-widget_type=\"text-editor.default\">\n\t\t\t\t<div class=\"elementor-widget-container\">\n\t\t\t\t\t\t\t<p>Un Cookie est un petit fichier texte utilis\u00e9 pour stocker de petites informations. Il est enregistr\u00e9 et\/ou lu par votre navigateur lorsque vous visitez notre site internet. Il est ensuite stock\u00e9 sur votre terminal.<\/p><p>Ces cookies nous aident dans le bon fonctionnement de notre site internet, \u00e0 le rendre plus s\u00e9curis\u00e9, vous fournir une meilleure exp\u00e9rience utilisateur, mais aussi \u00e0 comprendre les performances de notre site internet dans le but d&rsquo;analyser ce qui fonctionne et ce qui doit \u00eatre am\u00e9liorer. Ces cookies permettent donc de stocker des informations et d\u2019identifier l\u2019appareil que vous utilisez.<\/p>\t\t\t\t\t\t<\/div>\n\t\t\t\t<\/div>\n\t\t\t\t<div class=\"elementor-element elementor-element-f93908a elementor-widget elementor-widget-heading\" data-id=\"f93908a\" data-element_type=\"widget\" data-widget_type=\"heading.default\">\n\t\t\t\t<div class=\"elementor-widget-container\">\n\t\t\t<h3 class=\"elementor-heading-title elementor-size-default\">COMMENT LES UTILISONS-NOUS ?<\/h3>\t\t<\/div>\n\t\t\t\t<\/div>\n\t\t\t\t<div class=\"elementor-element elementor-element-568097e elementor-widget elementor-widget-text-editor\" data-id=\"568097e\" data-element_type=\"widget\" data-widget_type=\"text-editor.default\">\n\t\t\t\t<div class=\"elementor-widget-container\">\n\t\t\t\t\t\t\t<p>Comme la majorit\u00e9 des services en ligne, nous utilisons des cookies propri\u00e9taires et des cookies tiers. Les cookies propri\u00e9taires sont majoritairement n\u00e9cessaires au bon fonctionnement du site internet ; ils ne collectent aucune donn\u00e9e personnelle identifiable.<\/p><p>Les cookies tiers utilis\u00e9s sur notre site internet servent principalement \u00e0 comprendre le fonctionnement du site internet, la fa\u00e7on dont vous interagissez avec notre site, la s\u00e9curit\u00e9 de nos services, et dans l&rsquo;ensemble \u00e0 vous fournir une meilleur exp\u00e9rience utilisateur et vous aider en acc\u00e9l\u00e9rant vos futures interactions.<\/p>\t\t\t\t\t\t<\/div>\n\t\t\t\t<\/div>\n\t\t\t\t<div class=\"elementor-element elementor-element-0d133b9 elementor-widget elementor-widget-heading\" data-id=\"0d133b9\" data-element_type=\"widget\" data-widget_type=\"heading.default\">\n\t\t\t\t<div class=\"elementor-widget-container\">\n\t\t\t<h3 class=\"elementor-heading-title elementor-size-default\">QUELS TYPES DE COOKIES UTILISONS-NOUS ?<\/h3>\t\t<\/div>\n\t\t\t\t<\/div>\n\t\t\t\t<div class=\"elementor-element elementor-element-73b66db elementor-widget elementor-widget-text-editor\" data-id=\"73b66db\" data-element_type=\"widget\" data-widget_type=\"text-editor.default\">\n\t\t\t\t<div class=\"elementor-widget-container\">\n\t\t\t\t\t\t\t<p>Il existe quatre types de cookies :<\/p><p><strong>Essentiels<\/strong> : certains cookies sont essentiels pour que vous puissiez profiter pleinement de toutes les fonctionnalit\u00e9s de notre site. Ils nous permettent de maintenir les sessions utilisateurs et pr\u00e9venir d&rsquo;\u00e9ventuelles menaces de s\u00e9curit\u00e9. Ils ne collectent aucune information ou donn\u00e9e personnelle. Par exemple, ces cookies vous permettent de vous connecter \u00e0 votre compte, d&rsquo;ajouter des produits \u00e0 votre panier et de le consulter en toute s\u00e9curit\u00e9.<\/p><p><span style=\"font-weight: bold;\">Statistiques <\/span>: ces cookies stockent des informations telles que le nombre de visiteurs sur notre site internet, le nombre de visiteurs uniques, quelles pages du site ont \u00e9t\u00e9 visit\u00e9es, la provenance des visiteurs, etc. Ces donn\u00e9es nous aident \u00e0 comprendre et analyser les performances de notre site et les points qui doivent \u00eatre am\u00e9liorer.<\/p><p><span style=\"font-weight: bold;\">Fonctionnels<\/span> : ce sont les cookies qui aident au fonctionnement de certaines fonctionnalit\u00e9s non essentielles. Ces fonctionnalit\u00e9s incluent l&rsquo;int\u00e9gration de contenus comme les vid\u00e9os ou le partage de contenus du site internet au plateformes de r\u00e9seaux sociaux.<\/p><p><span style=\"font-weight: bold;\">Pr\u00e9f\u00e9rences<\/span> : ces cookies nous aident \u00e0 stocker vos param\u00e8tres et pr\u00e9f\u00e9rences de navigation comme le choix de langue afin de vous puissiez b\u00e9n\u00e9ficier d&rsquo;une meilleure exp\u00e9rience lors de vos prochaines visites sur notre site internet.<\/p>\t\t\t\t\t\t<\/div>\n\t\t\t\t<\/div>\n\t\t\t\t\t<\/div>\n\t\t<\/div>\n\t\t\t\t\t\t\t<\/div>\n\t\t<\/section>\n\t\t\t\t\t\t<\/div>\n\t\t\t\t\t<\/div>\n\t\t","protected":false},"excerpt":{"rendered":"<p>Cookies Politique de gestion de Cookies et autres traceurs INTRODUCTION Cette politique de gestion des Cookies et autres traceurs explique&hellip;<\/p>\n","protected":false},"author":1,"featured_media":0,"parent":0,"menu_order":0,"comment_status":"closed","ping_status":"closed","template":"","meta":{"spay_email":""},"_links":{"self":[{"href":"https:\/\/picard-art.com\/index.php\/wp-json\/wp\/v2\/pages\/127"}],"collection":[{"href":"https:\/\/picard-art.com\/index.php\/wp-json\/wp\/v2\/pages"}],"about":[{"href":"https:\/\/picard-art.com\/index.php\/wp-json\/wp\/v2\/types\/page"}],"author":[{"embeddable":true,"href":"https:\/\/picard-art.com\/index.php\/wp-json\/wp\/v2\/users\/1"}],"replies":[{"embeddable":true,"href":"https:\/\/picard-art.com\/index.php\/wp-json\/wp\/v2\/comments?post=127"}],"version-history":[{"count":34,"href":"https:\/\/picard-art.com\/index.php\/wp-json\/wp\/v2\/pages\/127\/revisions"}],"predecessor-version":[{"id":198,"href":"https:\/\/picard-art.com\/index.php\/wp-json\/wp\/v2\/pages\/127\/revisions\/198"}],"wp:attachment":[{"href":"https:\/\/picard-art.com\/index.php\/wp-json\/wp\/v2\/media?parent=127"}],"curies":[{"name":"wp","href":"https:\/\/api.w.org\/{rel}","templated":true}]}}