{"id":242,"date":"2021-09-19T18:34:46","date_gmt":"2021-09-19T16:34:46","guid":{"rendered":"http:\/\/picard-art.com\/?post_type=product&#038;p=242"},"modified":"2024-06-16T12:43:08","modified_gmt":"2024-06-16T10:43:08","slug":"huguette-a-chouette","status":"publish","type":"product","link":"https:\/\/picard-art.com\/index.php\/produit\/huguette-a-chouette\/","title":{"rendered":"Chouette"},"content":{"rendered":"<p>Statuette en pierre blanche du Valois. \u0152il en p\u00e2te de verre.<\/p>\n","protected":false},"excerpt":{"rendered":"<p>Chouette d\u00e9corative pour votre int\u00e9rieur ou ext\u00e9rieur.<\/p>\n","protected":false},"featured_media":244,"comment_status":"open","ping_status":"closed","template":"","meta":{"spay_email":""},"product_cat":[19],"product_tag":[71,74,43],"_links":{"self":[{"href":"https:\/\/picard-art.com\/index.php\/wp-json\/wp\/v2\/product\/242"}],"collection":[{"href":"https:\/\/picard-art.com\/index.php\/wp-json\/wp\/v2\/product"}],"about":[{"href":"https:\/\/picard-art.com\/index.php\/wp-json\/wp\/v2\/types\/product"}],"replies":[{"embeddable":true,"href":"https:\/\/picard-art.com\/index.php\/wp-json\/wp\/v2\/comments?post=242"}],"wp:featuredmedia":[{"embeddable":true,"href":"https:\/\/picard-art.com\/index.php\/wp-json\/wp\/v2\/media\/244"}],"wp:attachment":[{"href":"https:\/\/picard-art.com\/index.php\/wp-json\/wp\/v2\/media?parent=242"}],"wp:term":[{"taxonomy":"product_cat","embeddable":true,"href":"https:\/\/picard-art.com\/index.php\/wp-json\/wp\/v2\/product_cat?post=242"},{"taxonomy":"product_tag","embeddable":true,"href":"https:\/\/picard-art.com\/index.php\/wp-json\/wp\/v2\/product_tag?post=242"}],"curies":[{"name":"wp","href":"https:\/\/api.w.org\/{rel}","templated":true}]}}