{"id":293,"date":"2022-02-13T19:04:59","date_gmt":"2022-02-13T18:04:59","guid":{"rendered":"https:\/\/picard-art.com\/?post_type=product&#038;p=293"},"modified":"2022-02-24T14:59:49","modified_gmt":"2022-02-24T13:59:49","slug":"lapin-bois","status":"publish","type":"product","link":"https:\/\/picard-art.com\/index.php\/produit\/lapin-bois\/","title":{"rendered":"Lapin bois"},"content":{"rendered":"<p>Petit mod\u00e8le de lapin en rondin de bois. Ici en sureau, une \u00e9corce rugueuse pour un aspect plus que naturel.<\/p>\n","protected":false},"excerpt":{"rendered":"<p>P\u00e2que arrive ! Pensez \u00e0 d\u00e9corer votre table avec ces petits lapins en rondin de bois.<\/p>\n","protected":false},"featured_media":291,"comment_status":"open","ping_status":"closed","template":"","meta":{"spay_email":""},"product_cat":[19],"product_tag":[71,74,54],"_links":{"self":[{"href":"https:\/\/picard-art.com\/index.php\/wp-json\/wp\/v2\/product\/293"}],"collection":[{"href":"https:\/\/picard-art.com\/index.php\/wp-json\/wp\/v2\/product"}],"about":[{"href":"https:\/\/picard-art.com\/index.php\/wp-json\/wp\/v2\/types\/product"}],"replies":[{"embeddable":true,"href":"https:\/\/picard-art.com\/index.php\/wp-json\/wp\/v2\/comments?post=293"}],"wp:featuredmedia":[{"embeddable":true,"href":"https:\/\/picard-art.com\/index.php\/wp-json\/wp\/v2\/media\/291"}],"wp:attachment":[{"href":"https:\/\/picard-art.com\/index.php\/wp-json\/wp\/v2\/media?parent=293"}],"wp:term":[{"taxonomy":"product_cat","embeddable":true,"href":"https:\/\/picard-art.com\/index.php\/wp-json\/wp\/v2\/product_cat?post=293"},{"taxonomy":"product_tag","embeddable":true,"href":"https:\/\/picard-art.com\/index.php\/wp-json\/wp\/v2\/product_tag?post=293"}],"curies":[{"name":"wp","href":"https:\/\/api.w.org\/{rel}","templated":true}]}}