{"id":295,"date":"2022-02-13T19:35:31","date_gmt":"2022-02-13T18:35:31","guid":{"rendered":"https:\/\/picard-art.com\/?post_type=product&#038;p=295"},"modified":"2025-07-09T23:19:40","modified_gmt":"2025-07-09T21:19:40","slug":"un-ange-a-lecoute","status":"publish","type":"product","link":"https:\/\/picard-art.com\/index.php\/produit\/un-ange-a-lecoute\/","title":{"rendered":"Un ange \u00e9coute"},"content":{"rendered":"<p>Statue de belle taille sculpt\u00e9e dans un honorable tronc de cerisier et pos\u00e9e sur un socle en pierre du Valois.<\/p>\n","protected":false},"excerpt":{"rendered":"<p>Un ange ou un diable avec des ailes ou des oreilles ? En tout cas c&rsquo;est un beau et grand gardien bienveillant et source de discutions anim\u00e9es entre amis.<\/p>\n","protected":false},"featured_media":283,"comment_status":"open","ping_status":"closed","template":"","meta":{"spay_email":""},"product_cat":[19],"product_tag":[71,78,54,43],"_links":{"self":[{"href":"https:\/\/picard-art.com\/index.php\/wp-json\/wp\/v2\/product\/295"}],"collection":[{"href":"https:\/\/picard-art.com\/index.php\/wp-json\/wp\/v2\/product"}],"about":[{"href":"https:\/\/picard-art.com\/index.php\/wp-json\/wp\/v2\/types\/product"}],"replies":[{"embeddable":true,"href":"https:\/\/picard-art.com\/index.php\/wp-json\/wp\/v2\/comments?post=295"}],"wp:featuredmedia":[{"embeddable":true,"href":"https:\/\/picard-art.com\/index.php\/wp-json\/wp\/v2\/media\/283"}],"wp:attachment":[{"href":"https:\/\/picard-art.com\/index.php\/wp-json\/wp\/v2\/media?parent=295"}],"wp:term":[{"taxonomy":"product_cat","embeddable":true,"href":"https:\/\/picard-art.com\/index.php\/wp-json\/wp\/v2\/product_cat?post=295"},{"taxonomy":"product_tag","embeddable":true,"href":"https:\/\/picard-art.com\/index.php\/wp-json\/wp\/v2\/product_tag?post=295"}],"curies":[{"name":"wp","href":"https:\/\/api.w.org\/{rel}","templated":true}]}}