{"id":316,"date":"2022-02-20T18:35:01","date_gmt":"2022-02-20T17:35:01","guid":{"rendered":"https:\/\/picard-art.com\/?post_type=product&#038;p=316"},"modified":"2022-02-28T21:51:03","modified_gmt":"2022-02-28T20:51:03","slug":"araignee","status":"publish","type":"product","link":"https:\/\/picard-art.com\/index.php\/produit\/araignee\/","title":{"rendered":"Araign\u00e9e du ch\u00eane 01"},"content":{"rendered":"<p>Corps en coquille de noix, abdomen en gale du ch\u00eane et patte en tige d&rsquo;aster. Le tout articul\u00e9 sur fil de fer.<\/p>\n","protected":false},"excerpt":{"rendered":"<p>Araign\u00e9e mod\u00e9lis\u00e9e en produits naturels<\/p>\n","protected":false},"featured_media":312,"comment_status":"open","ping_status":"closed","template":"","meta":{"spay_email":""},"product_cat":[19],"product_tag":[72,74,54],"_links":{"self":[{"href":"https:\/\/picard-art.com\/index.php\/wp-json\/wp\/v2\/product\/316"}],"collection":[{"href":"https:\/\/picard-art.com\/index.php\/wp-json\/wp\/v2\/product"}],"about":[{"href":"https:\/\/picard-art.com\/index.php\/wp-json\/wp\/v2\/types\/product"}],"replies":[{"embeddable":true,"href":"https:\/\/picard-art.com\/index.php\/wp-json\/wp\/v2\/comments?post=316"}],"wp:featuredmedia":[{"embeddable":true,"href":"https:\/\/picard-art.com\/index.php\/wp-json\/wp\/v2\/media\/312"}],"wp:attachment":[{"href":"https:\/\/picard-art.com\/index.php\/wp-json\/wp\/v2\/media?parent=316"}],"wp:term":[{"taxonomy":"product_cat","embeddable":true,"href":"https:\/\/picard-art.com\/index.php\/wp-json\/wp\/v2\/product_cat?post=316"},{"taxonomy":"product_tag","embeddable":true,"href":"https:\/\/picard-art.com\/index.php\/wp-json\/wp\/v2\/product_tag?post=316"}],"curies":[{"name":"wp","href":"https:\/\/api.w.org\/{rel}","templated":true}]}}