{"id":344,"date":"2022-02-20T19:26:28","date_gmt":"2022-02-20T18:26:28","guid":{"rendered":"https:\/\/picard-art.com\/?post_type=product&#038;p=344"},"modified":"2024-06-16T12:01:46","modified_gmt":"2024-06-16T10:01:46","slug":"araignee-des-cocotiers","status":"publish","type":"product","link":"https:\/\/picard-art.com\/index.php\/produit\/araignee-des-cocotiers\/","title":{"rendered":"Araign\u00e9e des cocotiers"},"content":{"rendered":"<p>Corps en noix de coco ficel\u00e9e, pattes articul\u00e9es agr\u00e9ment\u00e9s d&rsquo;\u00e9pines de bougainvillier, le tout mont\u00e9 sur une tige de laiton et socle en pin.<\/p>\n","protected":false},"excerpt":{"rendered":"<p>Araign\u00e9e stylis\u00e9e r\u00e9alis\u00e9e \u00e0 base de noix de coco.<\/p>\n","protected":false},"featured_media":343,"comment_status":"open","ping_status":"closed","template":"","meta":{"spay_email":""},"product_cat":[19],"product_tag":[71,74,54],"_links":{"self":[{"href":"https:\/\/picard-art.com\/index.php\/wp-json\/wp\/v2\/product\/344"}],"collection":[{"href":"https:\/\/picard-art.com\/index.php\/wp-json\/wp\/v2\/product"}],"about":[{"href":"https:\/\/picard-art.com\/index.php\/wp-json\/wp\/v2\/types\/product"}],"replies":[{"embeddable":true,"href":"https:\/\/picard-art.com\/index.php\/wp-json\/wp\/v2\/comments?post=344"}],"wp:featuredmedia":[{"embeddable":true,"href":"https:\/\/picard-art.com\/index.php\/wp-json\/wp\/v2\/media\/343"}],"wp:attachment":[{"href":"https:\/\/picard-art.com\/index.php\/wp-json\/wp\/v2\/media?parent=344"}],"wp:term":[{"taxonomy":"product_cat","embeddable":true,"href":"https:\/\/picard-art.com\/index.php\/wp-json\/wp\/v2\/product_cat?post=344"},{"taxonomy":"product_tag","embeddable":true,"href":"https:\/\/picard-art.com\/index.php\/wp-json\/wp\/v2\/product_tag?post=344"}],"curies":[{"name":"wp","href":"https:\/\/api.w.org\/{rel}","templated":true}]}}