{"id":413,"date":"2022-02-28T21:50:01","date_gmt":"2022-02-28T20:50:01","guid":{"rendered":"https:\/\/picard-art.com\/?post_type=product&#038;p=413"},"modified":"2024-04-19T22:12:23","modified_gmt":"2024-04-19T20:12:23","slug":"araignee-du-chene-02","status":"publish","type":"product","link":"https:\/\/picard-art.com\/index.php\/produit\/araignee-du-chene-02\/","title":{"rendered":"Araign\u00e9e du ch\u00eane 02"},"content":{"rendered":"<p>Corps en coquille de noix, abdomen en gale du ch\u00eane et patte en tige d&rsquo;aster. Le tout articul\u00e9 sur fil de fer.<\/p>\n","protected":false},"excerpt":{"rendered":"<p>Araign\u00e9e mod\u00e9lis\u00e9e en produits naturels<\/p>\n","protected":false},"featured_media":415,"comment_status":"open","ping_status":"closed","template":"","meta":{"spay_email":""},"product_cat":[19],"product_tag":[72,74,54],"_links":{"self":[{"href":"https:\/\/picard-art.com\/index.php\/wp-json\/wp\/v2\/product\/413"}],"collection":[{"href":"https:\/\/picard-art.com\/index.php\/wp-json\/wp\/v2\/product"}],"about":[{"href":"https:\/\/picard-art.com\/index.php\/wp-json\/wp\/v2\/types\/product"}],"replies":[{"embeddable":true,"href":"https:\/\/picard-art.com\/index.php\/wp-json\/wp\/v2\/comments?post=413"}],"wp:featuredmedia":[{"embeddable":true,"href":"https:\/\/picard-art.com\/index.php\/wp-json\/wp\/v2\/media\/415"}],"wp:attachment":[{"href":"https:\/\/picard-art.com\/index.php\/wp-json\/wp\/v2\/media?parent=413"}],"wp:term":[{"taxonomy":"product_cat","embeddable":true,"href":"https:\/\/picard-art.com\/index.php\/wp-json\/wp\/v2\/product_cat?post=413"},{"taxonomy":"product_tag","embeddable":true,"href":"https:\/\/picard-art.com\/index.php\/wp-json\/wp\/v2\/product_tag?post=413"}],"curies":[{"name":"wp","href":"https:\/\/api.w.org\/{rel}","templated":true}]}}