{"id":431,"date":"2024-04-19T22:21:49","date_gmt":"2024-04-19T20:21:49","guid":{"rendered":"https:\/\/picard-art.com\/?post_type=product&#038;p=431"},"modified":"2024-05-23T23:48:31","modified_gmt":"2024-05-23T21:48:31","slug":"araignee-du-noyer","status":"publish","type":"product","link":"https:\/\/picard-art.com\/index.php\/produit\/araignee-du-noyer\/","title":{"rendered":"Araign\u00e9e du Noyer"},"content":{"rendered":"<p>Corps en coquille de noix, abdomen en noix compl\u00e8te et patte en tige d&rsquo;aster. Le tout articul\u00e9 sur fil de fer.<\/p>\n","protected":false},"excerpt":{"rendered":"<p>Magnifique araign\u00e9e en noix.<\/p>\n","protected":false},"featured_media":432,"comment_status":"open","ping_status":"closed","template":"","meta":{"spay_email":""},"product_cat":[19],"product_tag":[72,74,54],"_links":{"self":[{"href":"https:\/\/picard-art.com\/index.php\/wp-json\/wp\/v2\/product\/431"}],"collection":[{"href":"https:\/\/picard-art.com\/index.php\/wp-json\/wp\/v2\/product"}],"about":[{"href":"https:\/\/picard-art.com\/index.php\/wp-json\/wp\/v2\/types\/product"}],"replies":[{"embeddable":true,"href":"https:\/\/picard-art.com\/index.php\/wp-json\/wp\/v2\/comments?post=431"}],"wp:featuredmedia":[{"embeddable":true,"href":"https:\/\/picard-art.com\/index.php\/wp-json\/wp\/v2\/media\/432"}],"wp:attachment":[{"href":"https:\/\/picard-art.com\/index.php\/wp-json\/wp\/v2\/media?parent=431"}],"wp:term":[{"taxonomy":"product_cat","embeddable":true,"href":"https:\/\/picard-art.com\/index.php\/wp-json\/wp\/v2\/product_cat?post=431"},{"taxonomy":"product_tag","embeddable":true,"href":"https:\/\/picard-art.com\/index.php\/wp-json\/wp\/v2\/product_tag?post=431"}],"curies":[{"name":"wp","href":"https:\/\/api.w.org\/{rel}","templated":true}]}}