{"id":440,"date":"2024-04-19T23:27:56","date_gmt":"2024-04-19T21:27:56","guid":{"rendered":"https:\/\/picard-art.com\/?post_type=product&#038;p=440"},"modified":"2024-05-23T23:37:00","modified_gmt":"2024-05-23T21:37:00","slug":"missb","status":"publish","type":"product","link":"https:\/\/picard-art.com\/index.php\/produit\/missb\/","title":{"rendered":"MissB"},"content":{"rendered":"<p>Terre Cuite, patin\u00e9e vieux bronze et mont\u00e9e sur socle ch\u00eane naturel.<\/p>\n","protected":false},"excerpt":{"rendered":"<p>Etude\/\u00e9bauche buste \u00e0 l&rsquo;\u00e9cole des Beaux Arts de Compi\u00e8gne.<\/p>\n","protected":false},"featured_media":467,"comment_status":"open","ping_status":"closed","template":"","meta":{"spay_email":""},"product_cat":[19],"product_tag":[71,85,70],"_links":{"self":[{"href":"https:\/\/picard-art.com\/index.php\/wp-json\/wp\/v2\/product\/440"}],"collection":[{"href":"https:\/\/picard-art.com\/index.php\/wp-json\/wp\/v2\/product"}],"about":[{"href":"https:\/\/picard-art.com\/index.php\/wp-json\/wp\/v2\/types\/product"}],"replies":[{"embeddable":true,"href":"https:\/\/picard-art.com\/index.php\/wp-json\/wp\/v2\/comments?post=440"}],"wp:featuredmedia":[{"embeddable":true,"href":"https:\/\/picard-art.com\/index.php\/wp-json\/wp\/v2\/media\/467"}],"wp:attachment":[{"href":"https:\/\/picard-art.com\/index.php\/wp-json\/wp\/v2\/media?parent=440"}],"wp:term":[{"taxonomy":"product_cat","embeddable":true,"href":"https:\/\/picard-art.com\/index.php\/wp-json\/wp\/v2\/product_cat?post=440"},{"taxonomy":"product_tag","embeddable":true,"href":"https:\/\/picard-art.com\/index.php\/wp-json\/wp\/v2\/product_tag?post=440"}],"curies":[{"name":"wp","href":"https:\/\/api.w.org\/{rel}","templated":true}]}}