{"id":443,"date":"2024-04-19T23:53:09","date_gmt":"2024-04-19T21:53:09","guid":{"rendered":"https:\/\/picard-art.com\/?post_type=product&#038;p=443"},"modified":"2024-06-26T12:12:15","modified_gmt":"2024-06-26T10:12:15","slug":"le-dernier-coup","status":"publish","type":"product","link":"https:\/\/picard-art.com\/index.php\/produit\/le-dernier-coup\/","title":{"rendered":"Le dernier coup"},"content":{"rendered":"<p>Terre cuite patin\u00e9e et Orme champ\u00eatre.<\/p>\n","protected":false},"excerpt":{"rendered":"<p>Le grand \u00e9chiquier de la vie s&rsquo;est r\u00e9duit comme une peau de chagrin au fil du temps. Les figures qui l&rsquo;ont travers\u00e9 se sont dispers\u00e9es. Le Roi et la Reine sont d\u00e9sormais seuls sur le plateau. Echange complice entre deux compagnons de route, \u00e9laboration de parties \u00e0 jouer \u00e0 deux, jusqu&rsquo;\u00e0 la derni\u00e8re ligne, avant le dernier coup. \u00c9chec et mat.<\/p>\n","protected":false},"featured_media":460,"comment_status":"open","ping_status":"closed","template":"","meta":{"spay_email":""},"product_cat":[19],"product_tag":[71,78,54,85,70],"_links":{"self":[{"href":"https:\/\/picard-art.com\/index.php\/wp-json\/wp\/v2\/product\/443"}],"collection":[{"href":"https:\/\/picard-art.com\/index.php\/wp-json\/wp\/v2\/product"}],"about":[{"href":"https:\/\/picard-art.com\/index.php\/wp-json\/wp\/v2\/types\/product"}],"replies":[{"embeddable":true,"href":"https:\/\/picard-art.com\/index.php\/wp-json\/wp\/v2\/comments?post=443"}],"wp:featuredmedia":[{"embeddable":true,"href":"https:\/\/picard-art.com\/index.php\/wp-json\/wp\/v2\/media\/460"}],"wp:attachment":[{"href":"https:\/\/picard-art.com\/index.php\/wp-json\/wp\/v2\/media?parent=443"}],"wp:term":[{"taxonomy":"product_cat","embeddable":true,"href":"https:\/\/picard-art.com\/index.php\/wp-json\/wp\/v2\/product_cat?post=443"},{"taxonomy":"product_tag","embeddable":true,"href":"https:\/\/picard-art.com\/index.php\/wp-json\/wp\/v2\/product_tag?post=443"}],"curies":[{"name":"wp","href":"https:\/\/api.w.org\/{rel}","templated":true}]}}