{"id":490,"date":"2024-05-14T17:54:14","date_gmt":"2024-05-14T15:54:14","guid":{"rendered":"https:\/\/picard-art.com\/?post_type=product&#038;p=490"},"modified":"2024-05-25T18:20:22","modified_gmt":"2024-05-25T16:20:22","slug":"la-peur","status":"publish","type":"product","link":"https:\/\/picard-art.com\/index.php\/produit\/la-peur\/","title":{"rendered":"La peur"},"content":{"rendered":"<p>Araign\u00e9e en gale du ch\u00eane et tiges d&rsquo;aster s\u00e9ch\u00e9es. Cadre en vieux volets et grillage \u00e0 poule.<\/p>\n","protected":false},"excerpt":{"rendered":"<p>Triptyque d&rsquo;araign\u00e9es rares en cage. Mais o\u00f9 est pass\u00e9e la troisi\u00e8me ? La pauvre bestiole que vous avez enferm\u00e9e n&rsquo;est plus sous contr\u00f4le. Va elle vous sauter dessus cette nuit ou s&rsquo;est elle enfuit. Trop peur de retourner en prison ? Ou envie de se venger ? Que ferriez-vous \u00e0 sa place ?<\/p>\n","protected":false},"featured_media":491,"comment_status":"open","ping_status":"closed","template":"","meta":{"spay_email":""},"product_cat":[19],"product_tag":[72,74,54],"_links":{"self":[{"href":"https:\/\/picard-art.com\/index.php\/wp-json\/wp\/v2\/product\/490"}],"collection":[{"href":"https:\/\/picard-art.com\/index.php\/wp-json\/wp\/v2\/product"}],"about":[{"href":"https:\/\/picard-art.com\/index.php\/wp-json\/wp\/v2\/types\/product"}],"replies":[{"embeddable":true,"href":"https:\/\/picard-art.com\/index.php\/wp-json\/wp\/v2\/comments?post=490"}],"wp:featuredmedia":[{"embeddable":true,"href":"https:\/\/picard-art.com\/index.php\/wp-json\/wp\/v2\/media\/491"}],"wp:attachment":[{"href":"https:\/\/picard-art.com\/index.php\/wp-json\/wp\/v2\/media?parent=490"}],"wp:term":[{"taxonomy":"product_cat","embeddable":true,"href":"https:\/\/picard-art.com\/index.php\/wp-json\/wp\/v2\/product_cat?post=490"},{"taxonomy":"product_tag","embeddable":true,"href":"https:\/\/picard-art.com\/index.php\/wp-json\/wp\/v2\/product_tag?post=490"}],"curies":[{"name":"wp","href":"https:\/\/api.w.org\/{rel}","templated":true}]}}