{"id":494,"date":"2024-05-14T18:24:08","date_gmt":"2024-05-14T16:24:08","guid":{"rendered":"https:\/\/picard-art.com\/?post_type=product&#038;p=494"},"modified":"2024-05-23T23:24:57","modified_gmt":"2024-05-23T21:24:57","slug":"madame-taqe","status":"publish","type":"product","link":"https:\/\/picard-art.com\/index.php\/produit\/madame-taqe\/","title":{"rendered":"Madame T\u00e0qu\u00e9"},"content":{"rendered":"<p>Reproduction en pl\u00e2tre. Enduite, vernis gomme laque teint\u00e9s terre d&rsquo;ombre. Finition cire \u00e0 dorer et couche de vernis de protection. Cadre en boulot. Passepoil blanc et fond au choix.<\/p>\n","protected":false},"excerpt":{"rendered":"<p>Madame Tir\u00e9e \u00e0 quatre \u00e9pingle. Rangement de la pilosit\u00e9 matinal. Graffiti en bas-relief. D\u00e9coration recommand\u00e9e pour la salle de bain \u00e0 associer avec Monsieur Poreb<\/p>\n","protected":false},"featured_media":496,"comment_status":"open","ping_status":"closed","template":"","meta":{"spay_email":""},"product_cat":[19],"product_tag":[72,71,86,70],"_links":{"self":[{"href":"https:\/\/picard-art.com\/index.php\/wp-json\/wp\/v2\/product\/494"}],"collection":[{"href":"https:\/\/picard-art.com\/index.php\/wp-json\/wp\/v2\/product"}],"about":[{"href":"https:\/\/picard-art.com\/index.php\/wp-json\/wp\/v2\/types\/product"}],"replies":[{"embeddable":true,"href":"https:\/\/picard-art.com\/index.php\/wp-json\/wp\/v2\/comments?post=494"}],"wp:featuredmedia":[{"embeddable":true,"href":"https:\/\/picard-art.com\/index.php\/wp-json\/wp\/v2\/media\/496"}],"wp:attachment":[{"href":"https:\/\/picard-art.com\/index.php\/wp-json\/wp\/v2\/media?parent=494"}],"wp:term":[{"taxonomy":"product_cat","embeddable":true,"href":"https:\/\/picard-art.com\/index.php\/wp-json\/wp\/v2\/product_cat?post=494"},{"taxonomy":"product_tag","embeddable":true,"href":"https:\/\/picard-art.com\/index.php\/wp-json\/wp\/v2\/product_tag?post=494"}],"curies":[{"name":"wp","href":"https:\/\/api.w.org\/{rel}","templated":true}]}}