{"id":502,"date":"2024-05-23T22:42:00","date_gmt":"2024-05-23T20:42:00","guid":{"rendered":"https:\/\/picard-art.com\/?post_type=product&#038;p=502"},"modified":"2024-06-16T11:54:07","modified_gmt":"2024-06-16T09:54:07","slug":"miss-80s","status":"publish","type":"product","link":"https:\/\/picard-art.com\/index.php\/produit\/miss-80s\/","title":{"rendered":"Miss 80&rsquo;s"},"content":{"rendered":"<p>Terre cuite l\u00e9g\u00e8rement ombr\u00e9e au pigment et eau.<\/p>\n","protected":false},"excerpt":{"rendered":"<p>Buste de femme avec coiffure typique des ann\u00e9es 80.<\/p>\n","protected":false},"featured_media":503,"comment_status":"open","ping_status":"closed","template":"","meta":{"spay_email":""},"product_cat":[19],"product_tag":[71,85,70],"_links":{"self":[{"href":"https:\/\/picard-art.com\/index.php\/wp-json\/wp\/v2\/product\/502"}],"collection":[{"href":"https:\/\/picard-art.com\/index.php\/wp-json\/wp\/v2\/product"}],"about":[{"href":"https:\/\/picard-art.com\/index.php\/wp-json\/wp\/v2\/types\/product"}],"replies":[{"embeddable":true,"href":"https:\/\/picard-art.com\/index.php\/wp-json\/wp\/v2\/comments?post=502"}],"wp:featuredmedia":[{"embeddable":true,"href":"https:\/\/picard-art.com\/index.php\/wp-json\/wp\/v2\/media\/503"}],"wp:attachment":[{"href":"https:\/\/picard-art.com\/index.php\/wp-json\/wp\/v2\/media?parent=502"}],"wp:term":[{"taxonomy":"product_cat","embeddable":true,"href":"https:\/\/picard-art.com\/index.php\/wp-json\/wp\/v2\/product_cat?post=502"},{"taxonomy":"product_tag","embeddable":true,"href":"https:\/\/picard-art.com\/index.php\/wp-json\/wp\/v2\/product_tag?post=502"}],"curies":[{"name":"wp","href":"https:\/\/api.w.org\/{rel}","templated":true}]}}