{"id":505,"date":"2024-05-23T22:50:47","date_gmt":"2024-05-23T20:50:47","guid":{"rendered":"https:\/\/picard-art.com\/?post_type=product&#038;p=505"},"modified":"2024-06-16T11:52:02","modified_gmt":"2024-06-16T09:52:02","slug":"ombre","status":"publish","type":"product","link":"https:\/\/picard-art.com\/index.php\/produit\/ombre\/","title":{"rendered":"Ombr\u00e9"},"content":{"rendered":"<p>Terre Cuite l\u00e9g\u00e8rement ombr\u00e9e au pigment et eau.<\/p>\n","protected":false},"excerpt":{"rendered":"<p>Buste de jeune homme.<\/p>\n","protected":false},"featured_media":506,"comment_status":"open","ping_status":"closed","template":"","meta":{"spay_email":""},"product_cat":[19],"product_tag":[71,85,70],"_links":{"self":[{"href":"https:\/\/picard-art.com\/index.php\/wp-json\/wp\/v2\/product\/505"}],"collection":[{"href":"https:\/\/picard-art.com\/index.php\/wp-json\/wp\/v2\/product"}],"about":[{"href":"https:\/\/picard-art.com\/index.php\/wp-json\/wp\/v2\/types\/product"}],"replies":[{"embeddable":true,"href":"https:\/\/picard-art.com\/index.php\/wp-json\/wp\/v2\/comments?post=505"}],"wp:featuredmedia":[{"embeddable":true,"href":"https:\/\/picard-art.com\/index.php\/wp-json\/wp\/v2\/media\/506"}],"wp:attachment":[{"href":"https:\/\/picard-art.com\/index.php\/wp-json\/wp\/v2\/media?parent=505"}],"wp:term":[{"taxonomy":"product_cat","embeddable":true,"href":"https:\/\/picard-art.com\/index.php\/wp-json\/wp\/v2\/product_cat?post=505"},{"taxonomy":"product_tag","embeddable":true,"href":"https:\/\/picard-art.com\/index.php\/wp-json\/wp\/v2\/product_tag?post=505"}],"curies":[{"name":"wp","href":"https:\/\/api.w.org\/{rel}","templated":true}]}}