{"id":517,"date":"2024-06-16T16:19:55","date_gmt":"2024-06-16T14:19:55","guid":{"rendered":"http:\/\/picard-art.com\/?post_type=product&#038;p=517"},"modified":"2024-06-16T16:19:56","modified_gmt":"2024-06-16T14:19:56","slug":"theophane","status":"publish","type":"product","link":"https:\/\/picard-art.com\/index.php\/produit\/theophane\/","title":{"rendered":"Th\u00e9ophane"},"content":{"rendered":"<p>Th\u00e9ophane est probablement l&rsquo;un de mes anc\u00eatres \ud83d\ude09<\/p>\n","protected":false},"excerpt":{"rendered":"<p>Buste en terre cuite enduit de Gesso puis salit au pigment terre d&rsquo;ombre.<\/p>\n","protected":false},"featured_media":518,"comment_status":"open","ping_status":"closed","template":"","meta":{"spay_email":""},"product_cat":[19],"product_tag":[71,85,70],"_links":{"self":[{"href":"https:\/\/picard-art.com\/index.php\/wp-json\/wp\/v2\/product\/517"}],"collection":[{"href":"https:\/\/picard-art.com\/index.php\/wp-json\/wp\/v2\/product"}],"about":[{"href":"https:\/\/picard-art.com\/index.php\/wp-json\/wp\/v2\/types\/product"}],"replies":[{"embeddable":true,"href":"https:\/\/picard-art.com\/index.php\/wp-json\/wp\/v2\/comments?post=517"}],"wp:featuredmedia":[{"embeddable":true,"href":"https:\/\/picard-art.com\/index.php\/wp-json\/wp\/v2\/media\/518"}],"wp:attachment":[{"href":"https:\/\/picard-art.com\/index.php\/wp-json\/wp\/v2\/media?parent=517"}],"wp:term":[{"taxonomy":"product_cat","embeddable":true,"href":"https:\/\/picard-art.com\/index.php\/wp-json\/wp\/v2\/product_cat?post=517"},{"taxonomy":"product_tag","embeddable":true,"href":"https:\/\/picard-art.com\/index.php\/wp-json\/wp\/v2\/product_tag?post=517"}],"curies":[{"name":"wp","href":"https:\/\/api.w.org\/{rel}","templated":true}]}}