{"id":530,"date":"2024-06-16T16:59:08","date_gmt":"2024-06-16T14:59:08","guid":{"rendered":"http:\/\/picard-art.com\/?post_type=product&#038;p=530"},"modified":"2024-12-05T22:18:14","modified_gmt":"2024-12-05T21:18:14","slug":"ba008","status":"publish","type":"product","link":"https:\/\/picard-art.com\/index.php\/produit\/ba008\/","title":{"rendered":"Etude N\u00b08"},"content":{"rendered":"<p>D\u00e9coration unique pour votre int\u00e9rieur.<\/p>\n","protected":false},"excerpt":{"rendered":"<p>Ebauche d&rsquo;un mod\u00e8le vivant. Etude num\u00e9ro 8 de l&rsquo;\u00e9cole des Beaux Arts 2024.<\/p>\n","protected":false},"featured_media":533,"comment_status":"open","ping_status":"closed","template":"","meta":{"spay_email":""},"product_cat":[19],"product_tag":[71,104,85],"_links":{"self":[{"href":"https:\/\/picard-art.com\/index.php\/wp-json\/wp\/v2\/product\/530"}],"collection":[{"href":"https:\/\/picard-art.com\/index.php\/wp-json\/wp\/v2\/product"}],"about":[{"href":"https:\/\/picard-art.com\/index.php\/wp-json\/wp\/v2\/types\/product"}],"replies":[{"embeddable":true,"href":"https:\/\/picard-art.com\/index.php\/wp-json\/wp\/v2\/comments?post=530"}],"wp:featuredmedia":[{"embeddable":true,"href":"https:\/\/picard-art.com\/index.php\/wp-json\/wp\/v2\/media\/533"}],"wp:attachment":[{"href":"https:\/\/picard-art.com\/index.php\/wp-json\/wp\/v2\/media?parent=530"}],"wp:term":[{"taxonomy":"product_cat","embeddable":true,"href":"https:\/\/picard-art.com\/index.php\/wp-json\/wp\/v2\/product_cat?post=530"},{"taxonomy":"product_tag","embeddable":true,"href":"https:\/\/picard-art.com\/index.php\/wp-json\/wp\/v2\/product_tag?post=530"}],"curies":[{"name":"wp","href":"https:\/\/api.w.org\/{rel}","templated":true}]}}