{"id":567,"date":"2024-06-16T21:52:18","date_gmt":"2024-06-16T19:52:18","guid":{"rendered":"https:\/\/picard-art.com\/?post_type=product&#038;p=567"},"modified":"2024-06-16T22:01:15","modified_gmt":"2024-06-16T20:01:15","slug":"bb-a-personnaliser","status":"publish","type":"product","link":"https:\/\/picard-art.com\/index.php\/produit\/bb-a-personnaliser\/","title":{"rendered":"BB \u00e0 personnaliser"},"content":{"rendered":"","protected":false},"excerpt":{"rendered":"<p>Une naissance ou un Baby Shower sont d&rsquo;excellents pr\u00e9textes pour offrir un m\u00e9daillon BB que vous personnaliser \u00e0 votre guise. Lancez vous dans un magnifique \u00ab\u00a0fluid Art\u00a0\u00bb ou encore une patine graffiti aux couleurs de l&rsquo;\u00e9v\u00e8nement.<\/p>\n","protected":false},"featured_media":568,"comment_status":"open","ping_status":"closed","template":"","meta":{"spay_email":""},"product_cat":[19],"product_tag":[72,70],"_links":{"self":[{"href":"https:\/\/picard-art.com\/index.php\/wp-json\/wp\/v2\/product\/567"}],"collection":[{"href":"https:\/\/picard-art.com\/index.php\/wp-json\/wp\/v2\/product"}],"about":[{"href":"https:\/\/picard-art.com\/index.php\/wp-json\/wp\/v2\/types\/product"}],"replies":[{"embeddable":true,"href":"https:\/\/picard-art.com\/index.php\/wp-json\/wp\/v2\/comments?post=567"}],"wp:featuredmedia":[{"embeddable":true,"href":"https:\/\/picard-art.com\/index.php\/wp-json\/wp\/v2\/media\/568"}],"wp:attachment":[{"href":"https:\/\/picard-art.com\/index.php\/wp-json\/wp\/v2\/media?parent=567"}],"wp:term":[{"taxonomy":"product_cat","embeddable":true,"href":"https:\/\/picard-art.com\/index.php\/wp-json\/wp\/v2\/product_cat?post=567"},{"taxonomy":"product_tag","embeddable":true,"href":"https:\/\/picard-art.com\/index.php\/wp-json\/wp\/v2\/product_tag?post=567"}],"curies":[{"name":"wp","href":"https:\/\/api.w.org\/{rel}","templated":true}]}}