{"id":573,"date":"2024-09-13T22:15:41","date_gmt":"2024-09-13T20:15:41","guid":{"rendered":"https:\/\/picard-art.com\/?post_type=product&#038;p=573"},"modified":"2025-07-09T23:09:07","modified_gmt":"2025-07-09T21:09:07","slug":"plaisir-numerique","status":"publish","type":"product","link":"https:\/\/picard-art.com\/index.php\/produit\/plaisir-numerique\/","title":{"rendered":"Plaisir num\u00e9rique"},"content":{"rendered":"<p>La sculpture se pr\u00e9sente comme une all\u00e9gorie des plaisirs num\u00e9riques, capturant \u00e0 la fois la superficialit\u00e9 des relations et la qu\u00eate d\u2019une jouissance imm\u00e9diate et \u00e9ph\u00e9m\u00e8re dans le monde virtuel. Le visage, plac\u00e9 au premier plan, est l\u00e9g\u00e8rement flout\u00e9, comme une repr\u00e9sentation de l\u2019instabilit\u00e9 et de l\u2019artificialit\u00e9 des interactions num\u00e9riques. Cette faible profondeur de champ sugg\u00e8re que, dans le monde digital, les connexions humaines sont souvent superficielles, \u00e0 la fois distantes et \u00e9ph\u00e9m\u00e8res.<\/p>\n<p>En arri\u00e8re-plan, le cr\u00e2ne prend forme sous l\u2019apparence de strates, empil\u00e9es et r\u00e9guli\u00e8res. Ces couches, aux formes g\u00e9om\u00e9triques \u00e9pur\u00e9s, symbolisent les z\u00e9ros et les uns \u2013 les \u00e9l\u00e9ments atomiques de l\u2019univers num\u00e9rique. Cette repr\u00e9sentation abstraite sugg\u00e8re la froideur et la logique implacable des suites de codes &#8211; codes qui fa\u00e7onnent la r\u00e9alit\u00e9 virtuelle.<\/p>\n<p>Les l\u00e8vres, d\u00e9form\u00e9es en une grimace qui oscille entre plaisir et souffrance, font \u00e9cho \u00e0 une repr\u00e9sentation codifi\u00e9e de la jouissance fantasm\u00e9e, des pays du soleil levant. Cette expression ambivalente sur le visage incarne le paradoxe du num\u00e9rique : un plaisir instantan\u00e9 et illusoire, qui pourrait bien \u00eatre teint\u00e9 d\u2019une forme de souffrance ou de frustration dissimul\u00e9e.<\/p>\n<p>L\u2019\u0153il, nettement visible, regarde en haut et \u00e0 droite, et sa direction nous engage dans une r\u00e9flexion sur la nature m\u00eame de l\u2019acte num\u00e9rique. Comme si nous nous voyions en train de vivre cette m\u00eame exp\u00e9rience mentale.<\/p>\n<p>La sculpture nous pousse \u00e0 interroger nos propres interactions et les limites de la jouissance que nous recherchons dans ce monde impalpable.<\/p>\n<p>J\u2019ai dans l\u2019espoir que ce monde virtuel serait la premi\u00e8re liaison covalente entre les \u00eatres humains, uniquement \u00e9lectrique et exempt de virus ! En attendant le coup de foudre.<\/p>\n","protected":false},"excerpt":{"rendered":"<p>All\u00e9gorie sur les plaisirs num\u00e9riques<\/p>\n","protected":false},"featured_media":575,"comment_status":"open","ping_status":"closed","template":"","meta":{"spay_email":""},"product_cat":[19],"product_tag":[71,78,107,70],"_links":{"self":[{"href":"https:\/\/picard-art.com\/index.php\/wp-json\/wp\/v2\/product\/573"}],"collection":[{"href":"https:\/\/picard-art.com\/index.php\/wp-json\/wp\/v2\/product"}],"about":[{"href":"https:\/\/picard-art.com\/index.php\/wp-json\/wp\/v2\/types\/product"}],"replies":[{"embeddable":true,"href":"https:\/\/picard-art.com\/index.php\/wp-json\/wp\/v2\/comments?post=573"}],"wp:featuredmedia":[{"embeddable":true,"href":"https:\/\/picard-art.com\/index.php\/wp-json\/wp\/v2\/media\/575"}],"wp:attachment":[{"href":"https:\/\/picard-art.com\/index.php\/wp-json\/wp\/v2\/media?parent=573"}],"wp:term":[{"taxonomy":"product_cat","embeddable":true,"href":"https:\/\/picard-art.com\/index.php\/wp-json\/wp\/v2\/product_cat?post=573"},{"taxonomy":"product_tag","embeddable":true,"href":"https:\/\/picard-art.com\/index.php\/wp-json\/wp\/v2\/product_tag?post=573"}],"curies":[{"name":"wp","href":"https:\/\/api.w.org\/{rel}","templated":true}]}}