{"id":586,"date":"2024-09-13T22:44:07","date_gmt":"2024-09-13T20:44:07","guid":{"rendered":"https:\/\/picard-art.com\/?post_type=product&#038;p=586"},"modified":"2024-12-04T14:56:49","modified_gmt":"2024-12-04T13:56:49","slug":"venus-surgie-des-eaux","status":"publish","type":"product","link":"https:\/\/picard-art.com\/index.php\/produit\/venus-surgie-des-eaux\/","title":{"rendered":"V\u00e9nus surgie des eaux"},"content":{"rendered":"<p><strong>\u00ab V\u00e9nus surgit des eaux \u00bb<\/strong> revisite avec audace le mythe de la d\u00e9esse de l&rsquo;amour et de la beaut\u00e9, en l&rsquo;ancrant dans une vision contemporaine o\u00f9 la question de l&rsquo;avenir de l&rsquo;humanit\u00e9 prend une forme poignante. La sc\u00e8ne repr\u00e9sente une femme enceinte qui \u00e9merge de l&rsquo;eau, incarnant \u00e0 la fois la naissance et la transformation. Son corps d\u00e9form\u00e9 semble \u00e0 la fois rena\u00eetre et se dissoudre dans la mer qui l&rsquo;a vu na\u00eetre.<\/p>\n<p>Sur son \u00e9paule repose une pieuvre, symbole d&rsquo;intelligence et de m\u00e9tamorphose. L&rsquo;animal s&rsquo;entrelace intimement \u00e0 la forme humaine, se hissant au m\u00eame niveau \u2013 C\u00e9phalopode tout contre c\u00e9phalorachidien. La pieuvre appara\u00eet comme un potentiel rempla\u00e7ant pour l&rsquo;avenir de la Terre. L&rsquo;humain en \u00e9quilibre pr\u00e9caire, joue sa propre p\u00e9rennit\u00e9 face \u00e0 une nature en pleine \u00e9volution, potentiellement pr\u00eate \u00e0 prendre le relais.<\/p>\n<p>Le choix de la femme au d\u00e9but de sa grossesse, qui incarne \u00e0 la fois la promesse d&rsquo;un futur et une forme de vuln\u00e9rabilit\u00e9, renforce l\u2019urgence du message. La naissance et la gestation sont ici menac\u00e9es par une dissolution du corps humain dans la mer. L\u2019eau, \u00e9l\u00e9ment d\u2019origine, qui est en m\u00eame temps celle qui engloutit et fait na\u00eetre.<\/p>\n<p>Ainsi, <strong>\u00ab V\u00e9nus surgit des eaux \u00bb<\/strong> est une \u0153uvre qui nous pousse \u00e0 r\u00e9fl\u00e9chir sur la place de l&rsquo;humanit\u00e9 dans un monde qui pourrait se tourner vers d\u2019autres formes de vie pour assurer sa continuit\u00e9.<\/p>\n","protected":false},"excerpt":{"rendered":"<p>\u00ab V\u00e9nus surgit des eaux \u00bb revisite avec audace le mythe de la d\u00e9esse de l&rsquo;amour et de la beaut\u00e9,&hellip;<\/p>\n","protected":false},"featured_media":587,"comment_status":"open","ping_status":"closed","template":"","meta":{"spay_email":""},"product_cat":[19],"product_tag":[71,78,54,104],"_links":{"self":[{"href":"https:\/\/picard-art.com\/index.php\/wp-json\/wp\/v2\/product\/586"}],"collection":[{"href":"https:\/\/picard-art.com\/index.php\/wp-json\/wp\/v2\/product"}],"about":[{"href":"https:\/\/picard-art.com\/index.php\/wp-json\/wp\/v2\/types\/product"}],"replies":[{"embeddable":true,"href":"https:\/\/picard-art.com\/index.php\/wp-json\/wp\/v2\/comments?post=586"}],"wp:featuredmedia":[{"embeddable":true,"href":"https:\/\/picard-art.com\/index.php\/wp-json\/wp\/v2\/media\/587"}],"wp:attachment":[{"href":"https:\/\/picard-art.com\/index.php\/wp-json\/wp\/v2\/media?parent=586"}],"wp:term":[{"taxonomy":"product_cat","embeddable":true,"href":"https:\/\/picard-art.com\/index.php\/wp-json\/wp\/v2\/product_cat?post=586"},{"taxonomy":"product_tag","embeddable":true,"href":"https:\/\/picard-art.com\/index.php\/wp-json\/wp\/v2\/product_tag?post=586"}],"curies":[{"name":"wp","href":"https:\/\/api.w.org\/{rel}","templated":true}]}}