{"id":611,"date":"2024-12-04T11:43:55","date_gmt":"2024-12-04T10:43:55","guid":{"rendered":"https:\/\/picard-art.com\/?post_type=product&#038;p=611"},"modified":"2024-12-04T12:55:08","modified_gmt":"2024-12-04T11:55:08","slug":"une-petite-palette-de-folie","status":"publish","type":"product","link":"https:\/\/picard-art.com\/index.php\/produit\/une-petite-palette-de-folie\/","title":{"rendered":"Une petite palette de folie"},"content":{"rendered":"<p>La sculpture incarne l&rsquo;id\u00e9e de la folie comme une entit\u00e9 omnipr\u00e9sente, un fardeau bien emball\u00e9 qui est toujours \u00e0 port\u00e9e de main. Le visage, avec sa bouche ouverte et son regard vide, d\u00e9peint une expression de terreur contenue, comme si la folie \u00e9tait pr\u00eate \u00e0 s\u2019\u00e9chapper \u00e0 tout instant, mais \u00e9tait retenue et soigneusement prot\u00e9g\u00e9e par une force invisible, une volont\u00e9. Ce visage, marqu\u00e9 par l\u2019effroi, semble en \u00e9quilibre entre la ma\u00eetrise et le d\u00e9cha\u00eenement de ce tourment int\u00e9rieur. Il y a une tension palpable, une attente, un instant suspendu o\u00f9 l\u2019\u00e9motion pourrait exploser.<\/p>\n<p>La folie, repr\u00e9sent\u00e9e ici sur une palette, devient une sorte de colis encombrant et clou\u00e9 \u00e0 chacun.<\/p>\n<p>C\u2019est une invitation \u00e0 une r\u00e9flexion profonde sur la nature humaine, sur la ma\u00eetrise de soi et sur la capacit\u00e9 \u00e0 affronter ce qui est refoul\u00e9, souvent par peur ou par honte.<\/p>\n<p>En cr\u00e9ant cette petite palette de folie, \u00a0je peux non seulement rendre visible cette folie, mais aussi en prendre possession, en faire une force cr\u00e9ative, voire de m\u2019en lib\u00e9rer. C\u2019est une \u0153uvre o\u00f9 la folie et la cr\u00e9ation sont intimement li\u00e9es, comme des faces d&rsquo;une m\u00eame pi\u00e8ce.<\/p>\n","protected":false},"excerpt":{"rendered":"<p>La sculpture incarne l&rsquo;id\u00e9e de la folie comme une entit\u00e9 omnipr\u00e9sente, un fardeau bien emball\u00e9 qui est toujours \u00e0 port\u00e9e&hellip;<\/p>\n","protected":false},"featured_media":613,"comment_status":"open","ping_status":"closed","template":"","meta":{"spay_email":""},"product_cat":[19],"product_tag":[71,78,85,70],"_links":{"self":[{"href":"https:\/\/picard-art.com\/index.php\/wp-json\/wp\/v2\/product\/611"}],"collection":[{"href":"https:\/\/picard-art.com\/index.php\/wp-json\/wp\/v2\/product"}],"about":[{"href":"https:\/\/picard-art.com\/index.php\/wp-json\/wp\/v2\/types\/product"}],"replies":[{"embeddable":true,"href":"https:\/\/picard-art.com\/index.php\/wp-json\/wp\/v2\/comments?post=611"}],"wp:featuredmedia":[{"embeddable":true,"href":"https:\/\/picard-art.com\/index.php\/wp-json\/wp\/v2\/media\/613"}],"wp:attachment":[{"href":"https:\/\/picard-art.com\/index.php\/wp-json\/wp\/v2\/media?parent=611"}],"wp:term":[{"taxonomy":"product_cat","embeddable":true,"href":"https:\/\/picard-art.com\/index.php\/wp-json\/wp\/v2\/product_cat?post=611"},{"taxonomy":"product_tag","embeddable":true,"href":"https:\/\/picard-art.com\/index.php\/wp-json\/wp\/v2\/product_tag?post=611"}],"curies":[{"name":"wp","href":"https:\/\/api.w.org\/{rel}","templated":true}]}}