{"id":629,"date":"2025-02-09T22:05:50","date_gmt":"2025-02-09T21:05:50","guid":{"rendered":"https:\/\/picard-art.com\/?post_type=product&#038;p=629"},"modified":"2025-07-09T22:56:31","modified_gmt":"2025-07-09T20:56:31","slug":"meditation","status":"publish","type":"product","link":"https:\/\/picard-art.com\/index.php\/produit\/meditation\/","title":{"rendered":"M\u00e9ditation"},"content":{"rendered":"<p>Une femme, assise, contemple un cube.<\/p>\n<p>Pos\u00e9e \u00e0 c\u00f4t\u00e9 d\u2019elle, une boule.<\/p>\n<p>Figure naturelle, sa forme model\u00e9e par le temps et la gravitation est rassurante.<\/p>\n<p>La boule est douceur et donne naissance.<\/p>\n<p>Symbole de la vie, elle incarne la perfection.<\/p>\n<p>Quand elle est de cristal, l\u2019avenir s\u2019y dessine.<\/p>\n<p>Et pourtant, c\u2019est le cube qui attire le regard de la femme\u00a0et capte toute son attention.<\/p>\n<p>Figure forg\u00e9e, r\u00e9alisation concr\u00e8te avec ses angles droits et ses ar\u00eates rigides.<\/p>\n<p>Ses faces sont plates comme des futurs sans perspective.<\/p>\n<p>Le cube est instable.<\/p>\n<p>Malgr\u00e9 tout, c\u2019est lui que la femme a entre ses mains.<\/p>\n<p>Cette forme fa\u00e7onn\u00e9e est-elle plus attirante que celle de la boule\u00a0?<\/p>\n<p>Le monde mat\u00e9riel va-t-il l\u2019emporter sur la vie \u00a0?<\/p>\n","protected":false},"excerpt":{"rendered":"<p>Une femme, assise, contemple un cube. Pos\u00e9e \u00e0 c\u00f4t\u00e9 d\u2019elle, une boule. Figure naturelle, sa forme model\u00e9e par le temps&hellip;<\/p>\n","protected":false},"featured_media":630,"comment_status":"open","ping_status":"closed","template":"","meta":{"spay_email":""},"product_cat":[19],"product_tag":[71,78,107,104,85],"_links":{"self":[{"href":"https:\/\/picard-art.com\/index.php\/wp-json\/wp\/v2\/product\/629"}],"collection":[{"href":"https:\/\/picard-art.com\/index.php\/wp-json\/wp\/v2\/product"}],"about":[{"href":"https:\/\/picard-art.com\/index.php\/wp-json\/wp\/v2\/types\/product"}],"replies":[{"embeddable":true,"href":"https:\/\/picard-art.com\/index.php\/wp-json\/wp\/v2\/comments?post=629"}],"wp:featuredmedia":[{"embeddable":true,"href":"https:\/\/picard-art.com\/index.php\/wp-json\/wp\/v2\/media\/630"}],"wp:attachment":[{"href":"https:\/\/picard-art.com\/index.php\/wp-json\/wp\/v2\/media?parent=629"}],"wp:term":[{"taxonomy":"product_cat","embeddable":true,"href":"https:\/\/picard-art.com\/index.php\/wp-json\/wp\/v2\/product_cat?post=629"},{"taxonomy":"product_tag","embeddable":true,"href":"https:\/\/picard-art.com\/index.php\/wp-json\/wp\/v2\/product_tag?post=629"}],"curies":[{"name":"wp","href":"https:\/\/api.w.org\/{rel}","templated":true}]}}