{"id":636,"date":"2025-02-17T20:37:04","date_gmt":"2025-02-17T19:37:04","guid":{"rendered":"http:\/\/picard-art.com\/?post_type=product&#038;p=636"},"modified":"2025-07-09T23:11:21","modified_gmt":"2025-07-09T21:11:21","slug":"137","status":"publish","type":"product","link":"https:\/\/picard-art.com\/index.php\/produit\/137\/","title":{"rendered":"13,7"},"content":{"rendered":"<p>\u00ab\u00a013, 7 mm, c&rsquo;est l&rsquo;espace\u00a0 s\u00e9parant le doigt de Dieu du doigt d&rsquo;Adam, au plafond de la Chapelle Sixtine, \u00e0 Rome.<\/p>\n<p>C&rsquo;est \u00e0 dire la distance qu&rsquo;il leur reste \u00e0 parcourir avant qu&rsquo;apparaissent la femme, les enfants, notre plan\u00e8te, l&rsquo;univers, la fin du monde et son recommencement&#8230;<\/p>\n<p>Vertigineuse perspective ! Fran\u00e7ois Cousin la r\u00e9sume \u00e0 sa mani\u00e8re, moqueuse et exp\u00e9ditive : un doigt, un sein,\u00a0 la vie. La vie encore \u00e0 l&rsquo;\u00e9tat d&rsquo;\u00e9bauche,\u00a0 mais bien pr\u00e9sente&#8230;<\/p>\n<p>Un volcan, juste au moment o\u00f9\u00a0 l&rsquo;\u00e9tincelle met le feu aux poudres.<\/p>\n<p>Donc : 13,7 mm&#8230;<\/p>\n<p>Mais v\u00e9rifiez tout de m\u00eame, c&rsquo;est peut-\u00eatre bien devenu entretemps 8,1 mm, ou 3,8 mm&#8230;<\/p>\n<p>C&rsquo;est \u00e0 dire rien.<\/p>\n<p>C&rsquo;est \u00e0 dire tout.\u00a0\u00bb<\/p>\n<p style=\"text-align: right;\">Philippe Cousin \u2013 Dessinateur et \u00e9crivain<\/p>\n","protected":false},"excerpt":{"rendered":"<p>\u00ab\u00a013, 7 mm, c&rsquo;est l&rsquo;espace\u00a0 s\u00e9parant le doigt de Dieu du doigt d&rsquo;Adam, au plafond de la Chapelle Sixtine, \u00e0&hellip;<\/p>\n","protected":false},"featured_media":638,"comment_status":"open","ping_status":"closed","template":"","meta":{"spay_email":""},"product_cat":[19],"product_tag":[71,78,85],"_links":{"self":[{"href":"https:\/\/picard-art.com\/index.php\/wp-json\/wp\/v2\/product\/636"}],"collection":[{"href":"https:\/\/picard-art.com\/index.php\/wp-json\/wp\/v2\/product"}],"about":[{"href":"https:\/\/picard-art.com\/index.php\/wp-json\/wp\/v2\/types\/product"}],"replies":[{"embeddable":true,"href":"https:\/\/picard-art.com\/index.php\/wp-json\/wp\/v2\/comments?post=636"}],"wp:featuredmedia":[{"embeddable":true,"href":"https:\/\/picard-art.com\/index.php\/wp-json\/wp\/v2\/media\/638"}],"wp:attachment":[{"href":"https:\/\/picard-art.com\/index.php\/wp-json\/wp\/v2\/media?parent=636"}],"wp:term":[{"taxonomy":"product_cat","embeddable":true,"href":"https:\/\/picard-art.com\/index.php\/wp-json\/wp\/v2\/product_cat?post=636"},{"taxonomy":"product_tag","embeddable":true,"href":"https:\/\/picard-art.com\/index.php\/wp-json\/wp\/v2\/product_tag?post=636"}],"curies":[{"name":"wp","href":"https:\/\/api.w.org\/{rel}","templated":true}]}}