{"id":707,"date":"2025-07-09T23:06:59","date_gmt":"2025-07-09T21:06:59","guid":{"rendered":"https:\/\/picard-art.com\/?post_type=product&#038;p=707"},"modified":"2026-02-06T23:32:37","modified_gmt":"2026-02-06T22:32:37","slug":"realisation-n24","status":"publish","type":"product","link":"https:\/\/picard-art.com\/index.php\/produit\/realisation-n24\/","title":{"rendered":"R\u00e9alisation N\u00b024"},"content":{"rendered":"","protected":false},"excerpt":{"rendered":"<p>Cr\u00e9ation en pierre de Saint Maximin (Oise) \u00e0 partir de l&rsquo;\u00e9tude N\u00b024<\/p>\n","protected":false},"featured_media":709,"comment_status":"open","ping_status":"closed","template":"","meta":{"spay_email":""},"product_cat":[19],"product_tag":[71,104,43],"_links":{"self":[{"href":"https:\/\/picard-art.com\/index.php\/wp-json\/wp\/v2\/product\/707"}],"collection":[{"href":"https:\/\/picard-art.com\/index.php\/wp-json\/wp\/v2\/product"}],"about":[{"href":"https:\/\/picard-art.com\/index.php\/wp-json\/wp\/v2\/types\/product"}],"replies":[{"embeddable":true,"href":"https:\/\/picard-art.com\/index.php\/wp-json\/wp\/v2\/comments?post=707"}],"wp:featuredmedia":[{"embeddable":true,"href":"https:\/\/picard-art.com\/index.php\/wp-json\/wp\/v2\/media\/709"}],"wp:attachment":[{"href":"https:\/\/picard-art.com\/index.php\/wp-json\/wp\/v2\/media?parent=707"}],"wp:term":[{"taxonomy":"product_cat","embeddable":true,"href":"https:\/\/picard-art.com\/index.php\/wp-json\/wp\/v2\/product_cat?post=707"},{"taxonomy":"product_tag","embeddable":true,"href":"https:\/\/picard-art.com\/index.php\/wp-json\/wp\/v2\/product_tag?post=707"}],"curies":[{"name":"wp","href":"https:\/\/api.w.org\/{rel}","templated":true}]}}