{"id":712,"date":"2025-07-09T23:25:09","date_gmt":"2025-07-09T21:25:09","guid":{"rendered":"https:\/\/picard-art.com\/?post_type=product&#038;p=712"},"modified":"2026-02-06T23:32:22","modified_gmt":"2026-02-06T22:32:22","slug":"plaisir-numerique-v2","status":"publish","type":"product","link":"https:\/\/picard-art.com\/index.php\/produit\/plaisir-numerique-v2\/","title":{"rendered":"Plaisir Num\u00e9rique V2"},"content":{"rendered":"<p>All\u00e9gorie des plaisirs num\u00e9riques. Entre joies et souffrances, ce bronze repr\u00e9sente un visage incarnant la difficult\u00e9 des relations virtuelles.<\/p>\n<p>&nbsp;<\/p>\n<p>Paradoxe entre un plaisir instantan\u00e9 et illusoire, \u00e0 port\u00e9e de main, sans effort, et une insatisfaction de plus en plus fr\u00e9quente et souvent dissimul\u00e9e.<\/p>\n<p>&nbsp;<\/p>\n<p>Quid des relations humaines authentiques et solides dans un monde de plus en plus d\u00e9shumanis\u00e9\u00a0et en perp\u00e9tuelle transformation\u00a0?<\/p>\n","protected":false},"excerpt":{"rendered":"<p>All\u00e9gorie des plaisirs num\u00e9riques. Entre joies et souffrances, ce bronze repr\u00e9sente un visage incarnant la difficult\u00e9 des relations virtuelles. &nbsp;&hellip;<\/p>\n","protected":false},"featured_media":713,"comment_status":"open","ping_status":"closed","template":"","meta":{"spay_email":""},"product_cat":[19,18],"product_tag":[72,78,107],"_links":{"self":[{"href":"https:\/\/picard-art.com\/index.php\/wp-json\/wp\/v2\/product\/712"}],"collection":[{"href":"https:\/\/picard-art.com\/index.php\/wp-json\/wp\/v2\/product"}],"about":[{"href":"https:\/\/picard-art.com\/index.php\/wp-json\/wp\/v2\/types\/product"}],"replies":[{"embeddable":true,"href":"https:\/\/picard-art.com\/index.php\/wp-json\/wp\/v2\/comments?post=712"}],"wp:featuredmedia":[{"embeddable":true,"href":"https:\/\/picard-art.com\/index.php\/wp-json\/wp\/v2\/media\/713"}],"wp:attachment":[{"href":"https:\/\/picard-art.com\/index.php\/wp-json\/wp\/v2\/media?parent=712"}],"wp:term":[{"taxonomy":"product_cat","embeddable":true,"href":"https:\/\/picard-art.com\/index.php\/wp-json\/wp\/v2\/product_cat?post=712"},{"taxonomy":"product_tag","embeddable":true,"href":"https:\/\/picard-art.com\/index.php\/wp-json\/wp\/v2\/product_tag?post=712"}],"curies":[{"name":"wp","href":"https:\/\/api.w.org\/{rel}","templated":true}]}}