{"id":722,"date":"2026-02-06T22:19:20","date_gmt":"2026-02-06T21:19:20","guid":{"rendered":"https:\/\/picard-art.com\/?post_type=product&#038;p=722"},"modified":"2026-02-06T22:21:00","modified_gmt":"2026-02-06T21:21:00","slug":"empreinte-carbone","status":"publish","type":"product","link":"https:\/\/picard-art.com\/index.php\/produit\/empreinte-carbone\/","title":{"rendered":"Empreinte Carbone"},"content":{"rendered":"<p>Cerisier du jardin de Morienval de ma grand-m\u00e8re, Albertine Contant.<\/p>\n","protected":false},"excerpt":{"rendered":"<p>Les dinosaures ont laiss\u00e9 leurs empreintes dans le lit des rivi\u00e8res p\u00e9trifi\u00e9es.<\/p>\n<p>Nous laisserons notre empreinte carbone.<\/p>\n","protected":false},"featured_media":723,"comment_status":"open","ping_status":"closed","template":"","meta":{"spay_email":""},"product_cat":[19],"product_tag":[71,78,54],"_links":{"self":[{"href":"https:\/\/picard-art.com\/index.php\/wp-json\/wp\/v2\/product\/722"}],"collection":[{"href":"https:\/\/picard-art.com\/index.php\/wp-json\/wp\/v2\/product"}],"about":[{"href":"https:\/\/picard-art.com\/index.php\/wp-json\/wp\/v2\/types\/product"}],"replies":[{"embeddable":true,"href":"https:\/\/picard-art.com\/index.php\/wp-json\/wp\/v2\/comments?post=722"}],"wp:featuredmedia":[{"embeddable":true,"href":"https:\/\/picard-art.com\/index.php\/wp-json\/wp\/v2\/media\/723"}],"wp:attachment":[{"href":"https:\/\/picard-art.com\/index.php\/wp-json\/wp\/v2\/media?parent=722"}],"wp:term":[{"taxonomy":"product_cat","embeddable":true,"href":"https:\/\/picard-art.com\/index.php\/wp-json\/wp\/v2\/product_cat?post=722"},{"taxonomy":"product_tag","embeddable":true,"href":"https:\/\/picard-art.com\/index.php\/wp-json\/wp\/v2\/product_tag?post=722"}],"curies":[{"name":"wp","href":"https:\/\/api.w.org\/{rel}","templated":true}]}}