{"id":737,"date":"2026-02-06T23:15:00","date_gmt":"2026-02-06T22:15:00","guid":{"rendered":"https:\/\/picard-art.com\/?post_type=product&#038;p=737"},"modified":"2026-02-06T23:15:00","modified_gmt":"2026-02-06T22:15:00","slug":"le-cri","status":"publish","type":"product","link":"https:\/\/picard-art.com\/index.php\/produit\/le-cri\/","title":{"rendered":"Le cri"},"content":{"rendered":"","protected":false},"excerpt":{"rendered":"<p>\u00d4 rage ! \u00d4 d\u00e9sespoir ! \u00d4 paroles asservies !<\/p>\n<p>N\u2019ai-je donc tant attendu que pour ce cri ?<\/p>\n<p>Et ne suis-je affranchi de ces mots brid\u00e9s<\/p>\n<p>Que pour voir en ce jour exprimer mes d\u2019id\u00e9es ?<\/p>\n<p>&nbsp;<\/p>\n<p>L\u2019acide de Fran\u00e7ois<\/p>\n","protected":false},"featured_media":738,"comment_status":"open","ping_status":"closed","template":"","meta":{"spay_email":""},"product_cat":[19],"product_tag":[71,78,85],"_links":{"self":[{"href":"https:\/\/picard-art.com\/index.php\/wp-json\/wp\/v2\/product\/737"}],"collection":[{"href":"https:\/\/picard-art.com\/index.php\/wp-json\/wp\/v2\/product"}],"about":[{"href":"https:\/\/picard-art.com\/index.php\/wp-json\/wp\/v2\/types\/product"}],"replies":[{"embeddable":true,"href":"https:\/\/picard-art.com\/index.php\/wp-json\/wp\/v2\/comments?post=737"}],"wp:featuredmedia":[{"embeddable":true,"href":"https:\/\/picard-art.com\/index.php\/wp-json\/wp\/v2\/media\/738"}],"wp:attachment":[{"href":"https:\/\/picard-art.com\/index.php\/wp-json\/wp\/v2\/media?parent=737"}],"wp:term":[{"taxonomy":"product_cat","embeddable":true,"href":"https:\/\/picard-art.com\/index.php\/wp-json\/wp\/v2\/product_cat?post=737"},{"taxonomy":"product_tag","embeddable":true,"href":"https:\/\/picard-art.com\/index.php\/wp-json\/wp\/v2\/product_tag?post=737"}],"curies":[{"name":"wp","href":"https:\/\/api.w.org\/{rel}","templated":true}]}}